{"id":2,"date":"2007-05-22T15:53:41","date_gmt":"2007-05-22T13:53:41","guid":{"rendered":""},"modified":"2010-05-30T16:24:19","modified_gmt":"2010-05-30T14:24:19","slug":"impressum","status":"publish","type":"page","link":"https:\/\/www.frisbeesport.de\/rundablage\/impressum\/","title":{"rendered":"Impressum"},"content":{"rendered":"<p><span style=\"font-family: ARIAL;\"><strong>Impressum\/Anbieterinformation<\/strong>:<\/span><\/p>\n<p><span style=\"font-family: ARIAL;\">Thomas Griesbaum<br \/>\nBrieger Str. 8<br \/>\n76139 Karlsruhe <\/span><\/p>\n<p><span style=\"font-family: ARIAL;\"><strong>E-Mail:<\/strong> kontakt @ eva-thomas.de<br \/>\n<a href=\"http:\/\/www.eva-thomas.de\/\"><\/a> <\/span><\/p>\n<p><span style=\"font-family: ARIAL;\"><strong>Inhaltlich Verantwortlicher<\/strong> gem\u00e4\u00df \u00a7 10 Absatz 3 MDStV:<br \/>\nThomas Griesbaum (Anschrift wie oben) <\/span><\/p>\n<p><span style=\"font-family: ARIAL;\"><strong>Haftungshinweis<\/strong>: Ich \u00fcbernehme keine Haftung f\u00fcr die Inhalte externer Links. F\u00fcr den Inhalt der verlinkten Seiten sind ausschlie\u00dflich deren Betreiber verantwortlich. <\/span><\/p>\n<p><span style=\"font-family: ARIAL;\"><strong>Nutzungshinweis<\/strong>: Hiermit untersage ich jedem <strong>Werbetreibenden<\/strong> die Nutzung der hier genannten Kontaktinformationen, insbesondere der Mail-Adresse. <\/span><\/p>\n","protected":false},"excerpt":{"rendered":"<p>Impressum\/Anbieterinformation: Thomas Griesbaum Brieger Str. 8 76139 Karlsruhe E-Mail: kontakt @ eva-thomas.de Inhaltlich Verantwortlicher gem\u00e4\u00df \u00a7 10 Absatz 3 MDStV: Thomas Griesbaum (Anschrift wie oben) Haftungshinweis: Ich \u00fcbernehme keine Haftung f\u00fcr die Inhalte externer Links. F\u00fcr den Inhalt der verlinkten &hellip; <a href=\"https:\/\/www.frisbeesport.de\/rundablage\/impressum\/\">Weiterlesen <span class=\"meta-nav\">&rarr;<\/span><\/a><\/p>\n","protected":false},"author":2,"featured_media":0,"parent":0,"menu_order":0,"comment_status":"open","ping_status":"open","template":"","meta":{"jetpack_post_was_ever_published":false,"footnotes":""},"class_list":["post-2","page","type-page","status-publish","hentry"],"jetpack_shortlink":"https:\/\/wp.me\/Pjnam-2","jetpack_sharing_enabled":true,"_links":{"self":[{"href":"https:\/\/www.frisbeesport.de\/rundablage\/wp-json\/wp\/v2\/pages\/2","targetHints":{"allow":["GET"]}}],"collection":[{"href":"https:\/\/www.frisbeesport.de\/rundablage\/wp-json\/wp\/v2\/pages"}],"about":[{"href":"https:\/\/www.frisbeesport.de\/rundablage\/wp-json\/wp\/v2\/types\/page"}],"author":[{"embeddable":true,"href":"https:\/\/www.frisbeesport.de\/rundablage\/wp-json\/wp\/v2\/users\/2"}],"replies":[{"embeddable":true,"href":"https:\/\/www.frisbeesport.de\/rundablage\/wp-json\/wp\/v2\/comments?post=2"}],"version-history":[{"count":0,"href":"https:\/\/www.frisbeesport.de\/rundablage\/wp-json\/wp\/v2\/pages\/2\/revisions"}],"wp:attachment":[{"href":"https:\/\/www.frisbeesport.de\/rundablage\/wp-json\/wp\/v2\/media?parent=2"}],"curies":[{"name":"wp","href":"https:\/\/api.w.org\/{rel}","templated":true}]}}